{"id":966,"date":"2017-02-02T19:21:59","date_gmt":"2017-02-02T12:21:59","guid":{"rendered":"http:\/\/forbetterweb.com\/universal\/?page_id=966"},"modified":"2026-02-26T15:43:07","modified_gmt":"2026-02-26T15:43:07","slug":"barbers-hair-salon","status":"publish","type":"page","link":"https:\/\/amoreveta.com\/","title":{"rendered":"Amoreveta"},"content":{"rendered":"<p>[vc_row full_width=&#8221;stretch_row_content_no_spaces&#8221;][vc_column]<div data-background=\"https:\/\/amoreveta.com\/wp-content\/uploads\/2026\/02\/Retail-kiosks-hospitality-interiors-and-multi-city-execution-across-Latin-America.png\" class=\"intro full\"><div class=\"intro-body\"><div class=\"container\"><div class=\"row\"><div class=\"col-md-6 col-md-offset-3\"><p><img decoding=\"async\" src=\"\" alt=\"\"><\/p><h1 style=\"font-size: 70px; font-family: Raleway; line-height: 70px;\" class=\"\"><\/h1><h2 style=\"font-family: ;\" class=\"\">High-End Commercial &amp; Hospitality Interior Millwork Fabricated in Colombia. Executed Across Latin America &amp; The Caribbean.<\/h2><\/div><\/div><\/div><\/div><\/div><script>\r\njQuery.noConflict()(function($){\r\n\"use strict\";\r\n\r\n        var introHeader = $(\".intro\"),\r\n            intro = $(\".intro\");\r\n\r\n        buildModuleHeader(introHeader);\r\n\r\n        $(window).resize(function() {\r\n            var width = Math.max($(window).width(), window.innerWidth);\r\n            buildModuleHeader(introHeader);\r\n        });\r\n\r\n        $(window).scroll(function() {\r\n            effectsModuleHeader(introHeader, this);\r\n        });\r\n\r\n        intro.each(function(i) {\r\n            if ($(this).attr(\"data-background\")) {\r\n                $(this).css(\"background-image\", \"url(\" + $(this).attr(\"data-background\") + \")\");\r\n            }\r\n        });\r\n\r\n\r\n        function buildModuleHeader(introHeader) {\r\n        };\r\n        function effectsModuleHeader(introHeader, scrollTopp) {\r\n            if (introHeader.length > 0) {\r\n                var homeSHeight = introHeader.height();\r\n                var topScroll = $(document).scrollTop();\r\n                if ((introHeader.hasClass(\"intro\")) && ($(scrollTopp).scrollTop() <= homeSHeight)) {\r\n                    introHeader.css(\"top\", (topScroll * .4));\r\n                }\r\n                if (introHeader.hasClass(\"intro\") && ($(scrollTopp).scrollTop() <= homeSHeight)) {\r\n                    introHeader.css(\"opacity\", (1 - topScroll\/introHeader.height() * 1));\r\n                }\r\n            }\r\n        };\r\n});\r\n\t<\/script>[\/vc_column][\/vc_row][vc_row full_width=&#8221;stretch_row_content_no_spaces&#8221; css=&#8221;.vc_custom_1771690962190{padding-bottom: -5px !important;background-color: #d9ccbe !important;}&#8221;][vc_column][vc_column_text]<\/p>\n<h1 class=\"p1\" style=\"text-align: center;\"><b>Multi-City Commercial Installation \u2014 Colombia<\/b><\/h1>\n<p>&nbsp;<\/p>\n<ul class=\"ul1\">\n<li class=\"li1\">\n<h5>14 custom retail kiosks fabricated &amp; installed in 7 months<\/h5>\n<\/li>\n<li class=\"li1\">\n<h5>Centralized production in Medell\u00edn<\/h5>\n<\/li>\n<li class=\"li1\">\n<h5>Deployment across Bogot\u00e1, Cali &amp; Medell\u00edn<\/h5>\n<\/li>\n<li class=\"li1\">\n<h5>Overnight installations inside active malls<\/h5>\n<\/li>\n<li class=\"li1\">\n<h5>Coordinated logistics &amp; installer teams<\/h5>\n<\/li>\n<\/ul>\n<p>[\/vc_column_text][\/vc_column][\/vc_row][vc_row full_width=&#8221;stretch_row&#8221; css_animation=&#8221;none&#8221; css=&#8221;.vc_custom_1771425430310{padding-top: 80px !important;padding-bottom: 45px !important;background-color: #d9ccbe !important;}&#8221; el_id=&#8221;Sobre Nuestra Empresa&#8221;][vc_column width=&#8221;1\/6&#8243;][vc_single_image image=&#8221;1956&#8243; img_size=&#8221;full&#8221; title=&#8221;Bogota&#8221;][\/vc_column][vc_column width=&#8221;1\/6&#8243;][vc_single_image image=&#8221;1953&#8243; img_size=&#8221;medium&#8221; alignment=&#8221;center&#8221; title=&#8221;Medellin&#8221;][\/vc_column][vc_column width=&#8221;1\/6&#8243;][vc_single_image image=&#8221;1952&#8243; img_size=&#8221;medium&#8221; title=&#8221;Cali&#8221;][\/vc_column][vc_column width=&#8221;1\/2&#8243;][vc_column_text]<\/p>\n<ul class=\"ul1\">\n<li class=\"li1\">\n<h5>14 custom retail kiosks fabricated &amp; installed in 7 months<\/h5>\n<\/li>\n<li class=\"li1\">\n<h5>Centralized production in Medell\u00edn<\/h5>\n<\/li>\n<li class=\"li1\">\n<h5>Deployment across Bogot\u00e1, Cali &amp; Medell\u00edn<\/h5>\n<\/li>\n<li class=\"li1\">\n<h5>Overnight installations inside active malls<\/h5>\n<\/li>\n<li class=\"li1\">\n<h5>Coordinated logistics &amp; installer teams<\/h5>\n<\/li>\n<\/ul>\n<p>[\/vc_column_text][vc_btn title=&#8221;Ver Proyecto&#8221; color=&#8221;sandy-brown&#8221; link=&#8221;url:https%3A%2F%2Famoreveta.com%2F%3Fportfolio%3Dcommercial-kiosk|title:Kiosco%20Comercial%20Personalizado|&#8221;][\/vc_column][\/vc_row][vc_row full_width=&#8221;stretch_row&#8221; css_animation=&#8221;fadeIn&#8221; css=&#8221;.vc_custom_1771425393241{padding-top: 80px !important;padding-bottom: 45px !important;background-color: #8a7b65 !important;}&#8221;][vc_column width=&#8221;1\/2&#8243;][vc_column_text]<\/p>\n<p class=\"p1\"><b>How We Deliver On Schedule<\/b><\/p>\n<p class=\"p1\"><b>Structured Project Management<\/b><\/p>\n<p class=\"p2\">\u2022 Shop drawings &amp; technical validation<\/p>\n<p class=\"p2\">\u2022 Centralized production scheduling<\/p>\n<p class=\"p2\">\u2022 Logistics coordination<\/p>\n<p class=\"p2\">\u2022 On-site supervision &amp; installation control<\/p>\n<p class=\"p2\">\u2022 Milestone-based delivery tracking<\/p>\n<p>[\/vc_column_text][\/vc_column][vc_column width=&#8221;1\/2&#8243;][vc_single_image image=&#8221;1887&#8243; img_size=&#8221;full&#8221; alignment=&#8221;center&#8221;][\/vc_column][\/vc_row][vc_row full_width=&#8221;stretch_row&#8221; css_animation=&#8221;fadeIn&#8221; css=&#8221;.vc_custom_1771764113430{padding-top: 80px !important;padding-bottom: 45px !important;background-color: #cf6a66 !important;}&#8221;][vc_column width=&#8221;1\/2&#8243;][vc_column_text]<\/p>\n<p class=\"p1\"><b>INTERNATIONAL HOSPITALITY EXECUTION \u2014 SAINT LUCIA<\/b><\/p>\n<p class=\"p1\">Custom hospitality millwork fabricated in Colombia and exported to the Caribbean.<\/p>\n<p class=\"p1\">Scope included:<\/p>\n<p class=\"p1\">\u2022 Restaurant host station<\/p>\n<p class=\"p1\">\u2022 Coffee service station<\/p>\n<p class=\"p1\">\u2022 Four podium units<\/p>\n<p class=\"p1\">\u2022 Export packaging &amp; logistics coordination<\/p>\n<p class=\"p1\">\u2022 International island delivery<\/p>\n<p>[\/vc_column_text][\/vc_column][vc_column width=&#8221;1\/2&#8243;][vc_single_image image=&#8221;1880&#8243; img_size=&#8221;full&#8221; alignment=&#8221;center&#8221; title=&#8221;Santa Lucia Custom post&#8221;][\/vc_column][\/vc_row][vc_row][vc_column][vc_column_text]<\/p>\n<h1 class=\"p1\" style=\"text-align: center;\"><b>Most Recent Commercial Projects<\/b><\/h1>\n<p>[\/vc_column_text]<div class=\"portfolio-item\" style=\"height:320px;\"><div style=\"background:url(https:\/\/amoreveta.com\/wp-content\/uploads\/2026\/02\/Estructuras-echas-de-madera-para-visual-exterior.png)\"><\/div><a href=\"https:\/\/amoreveta.com\/?portfolio=1811\" class=\"portfolio-overlay\"><div class=\"caption\"><h5>commercial<\/h5><span><\/span><\/div><\/a><\/div><a class=\"universal_vc_button\" data-title-color-hover=\"#ffffff\" data-bg-color-hover=\"#8a7b65\" data-border-c-hover=\"#555\"  href=\"https:\/\/amoreveta.com\/?page_id=1364\" target=\"_self\" style=\"display:block; font-size:16px; line-heigth:16px; color:#ffffff; background-color:#000000; padding:7px 15px; margin:10px 0 0 0; border-width:1px; border-style:solid; border-color:#5AC8FB; border-radius:4px\">View Full Portfolio<\/a>[\/vc_column][\/vc_row][vc_row][vc_column][vc_column_text]<\/p>\n<h1 class=\"p1\" style=\"text-align: center;\"><b>Most Recent Residential Projects<\/b><\/h1>\n<p>[\/vc_column_text]<div class=\"portfolio-item\" style=\"height:320px;\"><div style=\"background:url(https:\/\/amoreveta.com\/wp-content\/uploads\/2026\/02\/Retail-kiosks-hospitality-interiors-and-multi-city-execution-across-Latin-America.png)\"><\/div><a href=\"https:\/\/amoreveta.com\/?portfolio=a-return-to-warmth\" class=\"portfolio-overlay\"><div class=\"caption\"><h5>A Return to Warmth<\/h5><span>Rank what has into fond she<\/span><\/div><\/a><\/div><div class=\"portfolio-item\" style=\"height:320px;\"><div style=\"background:url(https:\/\/amoreveta.com\/wp-content\/uploads\/2026\/02\/Estructuras-echas-de-madera-para-visual-exterior.png)\"><\/div><a href=\"https:\/\/amoreveta.com\/?portfolio=1811\" class=\"portfolio-overlay\"><div class=\"caption\"><h5>commercial<\/h5><span><\/span><\/div><\/a><\/div><div class=\"portfolio-item\" style=\"height:320px;\"><div style=\"background:url(https:\/\/amoreveta.com\/wp-content\/uploads\/2026\/02\/Cocina-personalizada-echa-de-madera.png)\"><\/div><a href=\"https:\/\/amoreveta.com\/?portfolio=a-refined-transformation\" class=\"portfolio-overlay\"><div class=\"caption\"><h5>A Refined Transformation<\/h5><span>Before The kitchen structure was solid and well-positioned, but visually unfinished. Standard cabinet faces, exposed ceiling elements, and limited storage left the space feeling incomplete. The layout worked. The presence did not. &nbsp; &nbsp; &nbsp; &nbsp; &nbsp; &nbsp; After We preserved the original framework and engineered custom cabinet fronts with refined slatted detailing and warm,...<\/span><\/div><\/a><\/div><a class=\"universal_vc_button\" data-title-color-hover=\"#ffffff\" data-bg-color-hover=\"#8a7b65\" data-border-c-hover=\"#555\"  href=\"https:\/\/amoreveta.com\/?page_id=1364\" target=\"_self\" style=\"display:block; font-size:16px; line-heigth:16px; color:#ffffff; background-color:#000000; padding:7px 15px; margin:10px 0 0 0; border-width:1px; border-style:solid; border-color:#5AC8FB; border-radius:4px\">View Full Portfolio<\/a>[\/vc_column][\/vc_row][vc_row][vc_column][vc_column_text]<\/p>\n<h1 class=\"p1\" style=\"text-align: center;\"><b>About Us<\/b><\/h1>\n<p class=\"p2\" style=\"text-align: center;\">We execute high-end commercial interiors and custom millwork with precision and control.<\/p>\n<p class=\"p2\" style=\"text-align: center;\">From centralized fabrication in Medell\u00edn to coordinated installations across Colombia and the Caribbean, we manage complex projects under strict operational timelines \u2014 including overnight commercial windows and multi-city rollouts.<\/p>\n<p class=\"p2\" style=\"text-align: center;\">Our work combines craftsmanship with structured execution. Defined milestones. Controlled production. On-site installation teams aligned with the schedule and scope.<\/p>\n<p class=\"p2\" style=\"text-align: center;\">We don\u2019t just build beautiful interiors.<\/p>\n<p class=\"p2\" style=\"text-align: center;\">We deliver them \u2014 on time.<\/p>\n<p>[\/vc_column_text][\/vc_column][\/vc_row]<\/p>\n","protected":false},"excerpt":{"rendered":"<p>[vc_row full_width=&#8221;stretch_row_content_no_spaces&#8221;][vc_column][\/vc_column][\/vc_row][vc_row full_width=&#8221;stretch_row_content_no_spaces&#8221; css=&#8221;.vc_custom_1771690962190{padding-bottom: -5px !important;background-color: #d9ccbe !important;}&#8221;][vc_column][vc_column_text] Multi-City Commercial Installation \u2014 Colombia &nbsp; 14 custom retail kiosks fabricated &amp; installed in 7 months Centralized production in Medell\u00edn Deployment across Bogot\u00e1, Cali &amp; Medell\u00edn Overnight installations inside active malls Coordinated logistics &amp; installer teams [\/vc_column_text][\/vc_column][\/vc_row][vc_row full_width=&#8221;stretch_row&#8221; css_animation=&#8221;none&#8221; css=&#8221;.vc_custom_1771425430310{padding-top: 80px !important;padding-bottom: 45px !important;background-color: #d9ccbe !important;}&#8221; el_id=&#8221;Sobre&#8230;<\/p>\n","protected":false},"author":1,"featured_media":0,"parent":0,"menu_order":0,"comment_status":"closed","ping_status":"closed","template":"homepage.php","meta":{"footnotes":""},"class_list":["post-966","page","type-page","status-publish","hentry"],"_links":{"self":[{"href":"https:\/\/amoreveta.com\/index.php?rest_route=\/wp\/v2\/pages\/966","targetHints":{"allow":["GET"]}}],"collection":[{"href":"https:\/\/amoreveta.com\/index.php?rest_route=\/wp\/v2\/pages"}],"about":[{"href":"https:\/\/amoreveta.com\/index.php?rest_route=\/wp\/v2\/types\/page"}],"author":[{"embeddable":true,"href":"https:\/\/amoreveta.com\/index.php?rest_route=\/wp\/v2\/users\/1"}],"replies":[{"embeddable":true,"href":"https:\/\/amoreveta.com\/index.php?rest_route=%2Fwp%2Fv2%2Fcomments&post=966"}],"version-history":[{"count":5,"href":"https:\/\/amoreveta.com\/index.php?rest_route=\/wp\/v2\/pages\/966\/revisions"}],"predecessor-version":[{"id":1971,"href":"https:\/\/amoreveta.com\/index.php?rest_route=\/wp\/v2\/pages\/966\/revisions\/1971"}],"wp:attachment":[{"href":"https:\/\/amoreveta.com\/index.php?rest_route=%2Fwp%2Fv2%2Fmedia&parent=966"}],"curies":[{"name":"wp","href":"https:\/\/api.w.org\/{rel}","templated":true}]}}